{"id":4134,"date":"2023-05-02T18:40:21","date_gmt":"2023-05-02T16:40:21","guid":{"rendered":"https:\/\/thenomadtax.com\/cookies-politik\/"},"modified":"2023-11-23T19:47:44","modified_gmt":"2023-11-23T18:47:44","slug":"cookies-politik","status":"publish","type":"page","link":"https:\/\/thenomadtax.com\/de\/cookies-politik\/","title":{"rendered":"Cookies-Politik"},"content":{"rendered":"\t\t<div data-elementor-type=\"wp-page\" data-elementor-id=\"4134\" class=\"elementor elementor-4134 elementor-327\" data-elementor-post-type=\"page\">\n\t\t\t\t<div class=\"elementor-element elementor-element-85f490b avisolegal e-flex e-con-boxed e-con e-parent\" data-id=\"85f490b\" data-element_type=\"container\" data-e-type=\"container\">\n\t\t\t\t\t<div class=\"e-con-inner\">\n\t\t\t\t<div class=\"elementor-element elementor-element-9fba550 elementor-widget elementor-widget-text-editor\" data-id=\"9fba550\" data-element_type=\"widget\" data-e-type=\"widget\" data-widget_type=\"text-editor.default\">\n\t\t\t\t<div class=\"elementor-widget-container\">\n\t\t\t\t\t\t\t\t\t<h2>Verwendung von Cookies und der Sicherheitsdatei<\/h2>\n<p>Cookies sind kleine Informationsdateien, die der Server einer Website an den Computer der Person sendet, die auf die Seite zugreift, um die Aktivit\u00e4ten des Benutzers w\u00e4hrend der Zeit, in der er auf der Seite surft, aufzuzeichnen und bestimmte Funktionen auszuf\u00fchren, die f\u00fcr das korrekte Funktionieren und die Darstellung der Website als wesentlich angesehen werden. Je nach ihrem Zweck k\u00f6nnen die Cookies technisch, analytisch, zur Nachverfolgung usw. sein.<\/p>\n<p>Der Anbieter kann auf eigene Rechnung oder auf Rechnung eines mit der Erbringung von Messdiensten beauftragten Dritten Cookies verwenden, wenn ein Nutzer auf der Website surft. Cookies sind Dateien, die von einem Webserver an den Browser gesendet werden, um die Aktivit\u00e4ten des Nutzers w\u00e4hrend seiner Surfzeit aufzuzeichnen.<\/p>\n<p>Die von der Website verwendeten Cookies werden nur mit einem anonymen Benutzer und seinem Computer in Verbindung gebracht und liefern an sich keine pers\u00f6nlichen Daten des Benutzers.<\/p>\n<p>Durch die Verwendung von Cookies ist es dem Server, auf dem sich die Website befindet, m\u00f6glich, den vom Nutzer verwendeten Webbrowser zu erkennen, um das Surfen zu erleichtern und beispielsweise Nutzern, die sich zuvor registriert haben, den Zugang zu exklusiv f\u00fcr sie reservierten Bereichen, Diensten, Aktionen oder Wettbewerben zu erm\u00f6glichen, ohne dass sie sich bei jedem Besuch neu registrieren m\u00fcssen. Sie werden auch zur Messung von Publikums- und Verkehrsparametern, zur \u00dcberwachung des Fortschritts und der Anzahl der Eintr\u00e4ge verwendet.<\/p>\n<p>Der Nutzer hat die M\u00f6glichkeit, seinen Browser so zu konfigurieren, dass er \u00fcber den Empfang von Cookies informiert wird und deren Installation auf seinem Ger\u00e4t verhindert. Weitere Informationen finden Sie in den Anweisungen und Handb\u00fcchern Ihres Browsers.<\/p>\n<p>F\u00fcr die Nutzung der Website ist es nicht erforderlich, dass der Nutzer die Installation von Cookies zul\u00e4sst, die von der Website oder von Dritten, die in ihrem Namen handeln, gesendet werden, unbeschadet der Tatsache, dass es f\u00fcr den Nutzer erforderlich ist, sich als solcher in jedem der Dienste anzumelden, deren Bereitstellung eine vorherige Registrierung oder &#8222;Anmeldung&#8220; erfordert.<\/p>\n<p>Die auf dieser Website verwendeten Cookies sind in jedem Fall vor\u00fcbergehender Natur und dienen ausschlie\u00dflich dem Zweck, die sp\u00e4tere \u00dcbertragung effizienter zu gestalten. Unter keinen Umst\u00e4nden werden Cookies verwendet, um pers\u00f6nliche Informationen zu sammeln.<\/p>\n<h2>Welche Arten von Cookies verwenden wir?<\/h2>\n<h3>Technische Cookies<\/h3>\n<p>Sie sind f\u00fcr das Surfen und das reibungslose Funktionieren unserer Website erforderlich. Sie erm\u00f6glichen beispielsweise die Kontrolle des Datenverkehrs und der Datenkommunikation, den Zugang zu gesperrten Bereichen, die Durchf\u00fchrung eines Bestellvorgangs, die Verwendung von Sicherheitselementen beim Surfen, die Speicherung von Inhalten f\u00fcr die \u00dcbertragung von Videos oder Ton oder die Weitergabe von Inhalten \u00fcber soziale Netzwerke.<\/p>\n<h3>Analyse-Cookies<\/h3>\n<p>Es handelt sich dabei um solche, die es dem Verantwortlichen erm\u00f6glichen, das Nutzerverhalten zu beobachten und zu analysieren und somit die Nutzung der angebotenen Dienste durch die Nutzer zu messen und statistisch zu analysieren. Zu diesem Zweck wird Ihr Surfverhalten auf unserer Website analysiert, um das Angebot an Produkten und Dienstleistungen zu verbessern.<\/p>\n<h2>IP-Adressen<\/h2>\n<p>Die Server der Website k\u00f6nnen die vom Nutzer verwendete IP-Adresse und den Dom\u00e4nennamen automatisch erkennen. Eine IP-Adresse ist eine Nummer, die einem Computer automatisch zugewiesen wird, wenn er sich mit dem Internet verbindet. Alle diese Informationen werden in einer ordnungsgem\u00e4\u00df registrierten Server-Aktivit\u00e4tsdatei gespeichert, die eine sp\u00e4tere Verarbeitung der Daten erm\u00f6glicht, um rein statistische Messungen zu erhalten, die es erm\u00f6glichen, die Anzahl der Seitenaufrufe, die Anzahl der Besuche der Webdienste, die Reihenfolge der Besuche, den Zugangspunkt usw. zu ermitteln.<\/p>\n<h2>Sicherheit<\/h2>\n<p>Die Website verwendet branchen\u00fcbliche Informationssicherheitstechniken wie Firewalls, Zugangskontrollverfahren und kryptografische Mechanismen, um den unbefugten Zugriff auf Daten zu verhindern. Zur Erreichung dieser Zwecke erkl\u00e4rt sich der Nutzer\/Kunde damit einverstanden, dass der Anbieter Daten zum Zwecke der Authentifizierung der Zugangskontrolle erhebt.<\/p>\n<p>Alle Vertragsabschl\u00fcsse oder Vorg\u00e4nge, die die Eingabe von sehr pers\u00f6nlichen Daten (Gesundheit, Ideologie usw.) beinhalten, werden stets \u00fcber ein sicheres Kommunikationsprotokoll (https:\/\/ usw.) \u00fcbermittelt, so dass kein Dritter Zugang zu den elektronisch \u00fcbermittelten Informationen hat.<\/p>\n<p><a href=\"https:\/\/thenomadtax.com\/de\/\" target=\"_blank\">Google<\/a>&nbsp;<a href=\"https:\/\/thenomadtax.com\/de\/\" target=\"_blank\">Chrome<\/a>&nbsp;&#8211;&nbsp;<a href=\"https:\/\/thenomadtax.com\/de\/\" target=\"_blank\" style=\"text-align: var(--text-align); background-color: rgb(255, 255, 255); letter-spacing: 0px; word-spacing: 0.1em;\">Internet Explorer<\/a>&nbsp;&#8211;<a href=\"https:\/\/thenomadtax.com\/de\/\" target=\"_blank\" style=\"text-align: var(--text-align); background-color: rgb(255, 255, 255); letter-spacing: 0px; word-spacing: 0.1em;\">Firefox<\/a><br><\/p>\t\t\t\t\t\t\t\t<\/div>\n\t\t\t\t<\/div>\n\t\t\t\t\t<\/div>\n\t\t\t\t<\/div>\n\t\t\t\t<\/div>\n\t\t","protected":false},"excerpt":{"rendered":"<p>Verwendung von Cookies und der Sicherheitsdatei Cookies sind kleine Informationsdateien, die der Server einer Website an den Computer der Person sendet, die auf die Seite zugreift, um die Aktivit\u00e4ten des Benutzers w\u00e4hrend der Zeit, in der er auf der Seite surft, aufzuzeichnen und bestimmte Funktionen auszuf\u00fchren, die f\u00fcr das korrekte Funktionieren und die Darstellung der [&hellip;]<\/p>\n","protected":false},"author":1,"featured_media":0,"parent":0,"menu_order":0,"comment_status":"closed","ping_status":"closed","template":"","meta":{"footnotes":""},"class_list":["post-4134","page","type-page","status-publish","hentry"],"_links":{"self":[{"href":"https:\/\/thenomadtax.com\/de\/wp-json\/wp\/v2\/pages\/4134","targetHints":{"allow":["GET"]}}],"collection":[{"href":"https:\/\/thenomadtax.com\/de\/wp-json\/wp\/v2\/pages"}],"about":[{"href":"https:\/\/thenomadtax.com\/de\/wp-json\/wp\/v2\/types\/page"}],"author":[{"embeddable":true,"href":"https:\/\/thenomadtax.com\/de\/wp-json\/wp\/v2\/users\/1"}],"replies":[{"embeddable":true,"href":"https:\/\/thenomadtax.com\/de\/wp-json\/wp\/v2\/comments?post=4134"}],"version-history":[{"count":3,"href":"https:\/\/thenomadtax.com\/de\/wp-json\/wp\/v2\/pages\/4134\/revisions"}],"predecessor-version":[{"id":4137,"href":"https:\/\/thenomadtax.com\/de\/wp-json\/wp\/v2\/pages\/4134\/revisions\/4137"}],"wp:attachment":[{"href":"https:\/\/thenomadtax.com\/de\/wp-json\/wp\/v2\/media?parent=4134"}],"curies":[{"name":"wp","href":"https:\/\/api.w.org\/{rel}","templated":true}]}}