{"id":3988,"date":"2023-04-27T13:27:50","date_gmt":"2023-04-27T11:27:50","guid":{"rendered":"https:\/\/thenomadtax.com\/dienstleistungen\/"},"modified":"2023-11-20T19:59:17","modified_gmt":"2023-11-20T18:59:17","slug":"dienstleistungen","status":"publish","type":"page","link":"https:\/\/thenomadtax.com\/de\/dienstleistungen\/","title":{"rendered":"Dienstleistungen"},"content":{"rendered":"\t\t<div data-elementor-type=\"wp-page\" data-elementor-id=\"3988\" class=\"elementor elementor-3988 elementor-212\" data-elementor-post-type=\"page\">\n\t\t\t\t<div class=\"elementor-element elementor-element-f6a2829 pagina e-flex e-con-boxed e-con e-parent\" data-id=\"f6a2829\" data-element_type=\"container\" data-e-type=\"container\">\n\t\t\t\t\t<div class=\"e-con-inner\">\n\t\t<div class=\"elementor-element elementor-element-3c9139b e-flex e-con-boxed e-con e-parent\" data-id=\"3c9139b\" data-element_type=\"container\" data-e-type=\"container\">\n\t\t\t\t\t<div class=\"e-con-inner\">\n\t\t<div class=\"elementor-element elementor-element-bfc9340 e-con-full e-flex e-con e-parent\" data-id=\"bfc9340\" data-element_type=\"container\" data-e-type=\"container\">\n\t\t\t\t<div class=\"elementor-element elementor-element-a830b89 elementor-view-default elementor-widget elementor-widget-icon\" data-id=\"a830b89\" data-element_type=\"widget\" data-e-type=\"widget\" data-widget_type=\"icon.default\">\n\t\t\t\t<div class=\"elementor-widget-container\">\n\t\t\t\t\t\t\t<div class=\"elementor-icon-wrapper\">\n\t\t\t<div class=\"elementor-icon\">\n\t\t\t<svg xmlns=\"http:\/\/www.w3.org\/2000\/svg\" height=\"512\" viewBox=\"0 0 510 510\" width=\"512\"><g id=\"Layer_2\" data-name=\"Layer 2\"><g id=\"_02.number_1\" data-name=\"02.number_1\"><path id=\"background\" d=\"m255 23a232.07 232.07 0 0 1 90.3 445.78 232.07 232.07 0 0 1 -180.6-427.56 230.57 230.57 0 0 1 90.3-18.22m0-23c-140.83 0-255 114.17-255 255 0 140.83 114.17 255 255 255 140.83 0 255-114.17 255-255 0-140.83-114.17-255-255-255z\"><\/path><path d=\"m296.45 150v210h-48v-159.3l-37.2 10.2-11.7-41.1 54.9-19.8z\"><\/path><\/g><\/g><\/svg>\t\t\t<\/div>\n\t\t<\/div>\n\t\t\t\t\t\t<\/div>\n\t\t\t\t<\/div>\n\t\t\t\t<\/div>\n\t\t<div class=\"elementor-element elementor-element-60a64d4 e-con-full e-flex e-con e-parent\" data-id=\"60a64d4\" data-element_type=\"container\" data-e-type=\"container\">\n\t\t\t\t<div class=\"elementor-element elementor-element-4d1567b elementor-widget elementor-widget-heading\" data-id=\"4d1567b\" data-element_type=\"widget\" data-e-type=\"widget\" data-widget_type=\"heading.default\">\n\t\t\t\t<div class=\"elementor-widget-container\">\n\t\t\t\t\t<h3 class=\"elementor-heading-title elementor-size-default\"><b>Strategischer Aufruf<\/b><\/h3>\t\t\t\t<\/div>\n\t\t\t\t<\/div>\n\t\t\t\t<div class=\"elementor-element elementor-element-96ef44e elementor-widget elementor-widget-text-editor\" data-id=\"96ef44e\" data-element_type=\"widget\" data-e-type=\"widget\" data-widget_type=\"text-editor.default\">\n\t\t\t\t<div class=\"elementor-widget-container\">\n\t\t\t\t\t\t\t\t\t<div class=\"group w-full text-token-text-primary border-b border-black\/10 gizmo:border-0 dark:border-gray-900\/50 gizmo:dark:border-0 bg-gray-50 gizmo:bg-transparent dark:bg-[#444654] gizmo:dark:bg-transparent\" data-testid=\"conversation-turn-5\">\n<div class=\"p-4 gizmo:py-2 justify-center text-base md:gap-6 md:py-6 m-auto\">\n<div class=\"flex flex-1 gap-4 text-base mx-auto md:gap-6 gizmo:gap-3 gizmo:md:px-5 gizmo:lg:px-1 gizmo:xl:px-5 md:max-w-2xl lg:max-w-[38rem] gizmo:md:max-w-3xl gizmo:lg:max-w-[40rem] gizmo:xl:max-w-[48rem] xl:max-w-3xl }\">\n<div class=\"relative flex w-[calc(100%-50px)] flex-col gizmo:w-full lg:w-[calc(100%-115px)] agent-turn\">\n<div class=\"flex-col gap-1 md:gap-3\">\n<div class=\"flex flex-grow flex-col max-w-full gap-3 gizmo:gap-0\">\n<div class=\"min-h-[20px] flex flex-col items-start gap-3 whitespace-pre-wrap break-words overflow-x-auto\" data-message-author-role=\"assistant\" data-message-id=\"4a3e0c0b-8621-4bc0-b774-6e150c5b5023\">\n<div class=\"markdown prose w-full break-words dark:prose-invert light\">\n<p><strong>Wenn Sie Hilfe bei der internationalen Mobilit\u00e4t und der Steueroptimierung ben\u00f6tigen, Beratung zu Themen wie Aufenthalt, Gesch\u00e4ft, Steuern, Investitionen und Verm\u00f6gensschutz. Wir helfen Unternehmern, digitalen Nomaden und Einzelpersonen, die ihre Investitionen diversifizieren und einen zweiten Pass erhalten m\u00f6chten. Wir konzentrieren uns darauf, die Einhaltung von Vorschriften zu gew\u00e4hrleisten und gleichzeitig die weltweiten steuerlichen M\u00f6glichkeiten zu maximieren.<\/strong><\/p>\n<\/p>\n<\/div>\n<\/div>\n<\/div>\n<\/div>\n<\/div>\n<\/div>\n<\/div>\n<\/div>\n<p><strong>Wir bieten Ihnen die M\u00f6glichkeit, Ihren eigenen Plan B zu erstellen, der Sie vor unvorhergesehenen Ereignissen sch\u00fctzt.  <\/strong><strong>Unser Ziel ist es, Sie dabei zu unterst\u00fctzen, die internationalen steuerlichen M\u00f6glichkeiten optimal zu nutzen und gleichzeitig sicherzustellen, dass Sie alle einschl\u00e4gigen Vorschriften einhalten.<\/strong><\/p>\n\t\t\t\t\t\t\t\t<\/div>\n\t\t\t\t<\/div>\n\t\t\t\t<div class=\"elementor-element elementor-element-59d1f96 elementor-widget elementor-widget-spacer\" data-id=\"59d1f96\" data-element_type=\"widget\" data-e-type=\"widget\" data-widget_type=\"spacer.default\">\n\t\t\t\t<div class=\"elementor-widget-container\">\n\t\t\t\t\t\t\t<div class=\"elementor-spacer\">\n\t\t\t<div class=\"elementor-spacer-inner\"><\/div>\n\t\t<\/div>\n\t\t\t\t\t\t<\/div>\n\t\t\t\t<\/div>\n\t\t\t\t<div class=\"elementor-element elementor-element-bc90f6a elementor-button-success elementor-align-center elementor-widget elementor-widget-button\" data-id=\"bc90f6a\" data-element_type=\"widget\" data-e-type=\"widget\" data-widget_type=\"button.default\">\n\t\t\t\t<div class=\"elementor-widget-container\">\n\t\t\t\t\t\t\t\t\t<div class=\"elementor-button-wrapper\">\n\t\t\t\t\t<a class=\"elementor-button elementor-button-link elementor-size-sm\" href=\"http:\/\/thenomadtax.com\/consultoria-fisalidad-internacional\/\">\n\t\t\t\t\t\t<span class=\"elementor-button-content-wrapper\">\n\t\t\t\t\t\t\t\t\t<span class=\"elementor-button-text\">Mehr sehen<\/span>\n\t\t\t\t\t<\/span>\n\t\t\t\t\t<\/a>\n\t\t\t\t<\/div>\n\t\t\t\t\t\t\t\t<\/div>\n\t\t\t\t<\/div>\n\t\t\t\t<\/div>\n\t\t\t\t\t<\/div>\n\t\t\t\t<\/div>\n\t\t<div class=\"elementor-element elementor-element-dc18235 e-flex e-con-boxed e-con e-parent\" data-id=\"dc18235\" data-element_type=\"container\" data-e-type=\"container\">\n\t\t\t\t\t<div class=\"e-con-inner\">\n\t\t<div class=\"elementor-element elementor-element-9d03ac6 e-con-full e-flex e-con e-parent\" data-id=\"9d03ac6\" data-element_type=\"container\" data-e-type=\"container\">\n\t\t\t\t<div class=\"elementor-element elementor-element-d5335b2 elementor-view-default elementor-widget elementor-widget-icon\" data-id=\"d5335b2\" data-element_type=\"widget\" data-e-type=\"widget\" data-widget_type=\"icon.default\">\n\t\t\t\t<div class=\"elementor-widget-container\">\n\t\t\t\t\t\t\t<div class=\"elementor-icon-wrapper\">\n\t\t\t<div class=\"elementor-icon\">\n\t\t\t<svg xmlns=\"http:\/\/www.w3.org\/2000\/svg\" height=\"512\" viewBox=\"0 0 510 510\" width=\"512\"><g id=\"Layer_2\" data-name=\"Layer 2\"><g id=\"_03.number_2\" data-name=\"03.number_2\"><path id=\"background\" d=\"m255 23a232.07 232.07 0 0 1 90.3 445.78 232.07 232.07 0 0 1 -180.6-427.56 230.57 230.57 0 0 1 90.3-18.22m0-23c-140.83 0-255 114.17-255 255 0 140.83 114.17 255 255 255 140.83 0 255-114.17 255-255 0-140.83-114.17-255-255-255z\"><\/path><path d=\"m184.65 327.3 70.5-73.2c12.3-12.6 21.3-24.9 21.3-37.2 0-13.2-8.4-22.2-22.5-22.2-14.7 0-25.2 9.6-30.9 22.8l-40.5-23.7c13.5-31.2 41.7-45.9 70.8-45.9 37.5 0 71.1 24.6 71.1 66.9 0 25.2-13.5 46.8-32.7 66l-34.75 35.1h70.5v46.2h-142.85z\"><\/path><\/g><\/g><\/svg>\t\t\t<\/div>\n\t\t<\/div>\n\t\t\t\t\t\t<\/div>\n\t\t\t\t<\/div>\n\t\t\t\t<\/div>\n\t\t<div class=\"elementor-element elementor-element-eb3a394 e-con-full e-flex e-con e-parent\" data-id=\"eb3a394\" data-element_type=\"container\" data-e-type=\"container\">\n\t\t\t\t<div class=\"elementor-element elementor-element-48a970e elementor-widget elementor-widget-heading\" data-id=\"48a970e\" data-element_type=\"widget\" data-e-type=\"widget\" data-widget_type=\"heading.default\">\n\t\t\t\t<div class=\"elementor-widget-container\">\n\t\t\t\t\t<h3 class=\"elementor-heading-title elementor-size-default\"><strong>Durchf\u00fchrung Ihres Projekts<\/strong><\/h3>\t\t\t\t<\/div>\n\t\t\t\t<\/div>\n\t\t\t\t<div class=\"elementor-element elementor-element-99de28e elementor-widget elementor-widget-spacer\" data-id=\"99de28e\" data-element_type=\"widget\" data-e-type=\"widget\" data-widget_type=\"spacer.default\">\n\t\t\t\t<div class=\"elementor-widget-container\">\n\t\t\t\t\t\t\t<div class=\"elementor-spacer\">\n\t\t\t<div class=\"elementor-spacer-inner\"><\/div>\n\t\t<\/div>\n\t\t\t\t\t\t<\/div>\n\t\t\t\t<\/div>\n\t\t\t\t<div class=\"elementor-element elementor-element-fc32ef7 elementor-widget elementor-widget-text-editor\" data-id=\"fc32ef7\" data-element_type=\"widget\" data-e-type=\"widget\" data-widget_type=\"text-editor.default\">\n\t\t\t\t<div class=\"elementor-widget-container\">\n\t\t\t\t\t\t\t\t\t<p><strong>M\u00f6chten Sie sicherstellen, dass die Umsetzung Ihres Plans so effizient und effektiv wie m\u00f6glich ist? Dann ist unser NOMAD TAX-Ausf\u00fchrungsdienst genau das Richtige f\u00fcr Sie.<\/strong><\/p>\n<p><strong>Wir wissen, dass die Umsetzung eines Plans f\u00fcr manche Menschen \u00fcberw\u00e4ltigend und verwirrend sein kann. Deshalb haben wir diesen Dienst eingerichtet, um in der Umsetzungsphase Unterst\u00fctzung und Fachwissen zu bieten.<\/strong><\/p>\n<p><strong><span style=\"text-align: var(--text-align); color: var( --e-global-color-text ); letter-spacing: 0px; word-spacing: 0.1em;\">Dar\u00fcber hinaus ist unser Implementierungsservice f\u00fcr diejenigen gedacht, die schnell in die Internationalisierung einsteigen und sicherstellen wollen, dass bei der Umsetzung ihres Plans keine wertvolle Zeit verloren geht.<\/span><\/strong><\/p>\n\t\t\t\t\t\t\t\t<\/div>\n\t\t\t\t<\/div>\n\t\t\t\t<div class=\"elementor-element elementor-element-23299b4 elementor-widget elementor-widget-spacer\" data-id=\"23299b4\" data-element_type=\"widget\" data-e-type=\"widget\" data-widget_type=\"spacer.default\">\n\t\t\t\t<div class=\"elementor-widget-container\">\n\t\t\t\t\t\t\t<div class=\"elementor-spacer\">\n\t\t\t<div class=\"elementor-spacer-inner\"><\/div>\n\t\t<\/div>\n\t\t\t\t\t\t<\/div>\n\t\t\t\t<\/div>\n\t\t\t\t<div class=\"elementor-element elementor-element-28c0ec9 elementor-button-success elementor-align-center elementor-widget elementor-widget-button\" data-id=\"28c0ec9\" data-element_type=\"widget\" data-e-type=\"widget\" data-widget_type=\"button.default\">\n\t\t\t\t<div class=\"elementor-widget-container\">\n\t\t\t\t\t\t\t\t\t<div class=\"elementor-button-wrapper\">\n\t\t\t\t\t<a class=\"elementor-button elementor-button-link elementor-size-sm\" href=\"http:\/\/thenomadtax.com\/ejecucion-de-proyecto\/\">\n\t\t\t\t\t\t<span class=\"elementor-button-content-wrapper\">\n\t\t\t\t\t\t\t\t\t<span class=\"elementor-button-text\">Mehr sehen<\/span>\n\t\t\t\t\t<\/span>\n\t\t\t\t\t<\/a>\n\t\t\t\t<\/div>\n\t\t\t\t\t\t\t\t<\/div>\n\t\t\t\t<\/div>\n\t\t\t\t<\/div>\n\t\t\t\t\t<\/div>\n\t\t\t\t<\/div>\n\t\t<div class=\"elementor-element elementor-element-dcd1946 e-flex e-con-boxed e-con e-parent\" data-id=\"dcd1946\" data-element_type=\"container\" data-e-type=\"container\">\n\t\t\t\t\t<div class=\"e-con-inner\">\n\t\t<div class=\"elementor-element elementor-element-bb60fb0 e-con-full e-flex e-con e-parent\" data-id=\"bb60fb0\" data-element_type=\"container\" data-e-type=\"container\">\n\t\t\t\t<div class=\"elementor-element elementor-element-0f3e78d elementor-view-default elementor-widget elementor-widget-icon\" data-id=\"0f3e78d\" data-element_type=\"widget\" data-e-type=\"widget\" data-widget_type=\"icon.default\">\n\t\t\t\t<div class=\"elementor-widget-container\">\n\t\t\t\t\t\t\t<div class=\"elementor-icon-wrapper\">\n\t\t\t<div class=\"elementor-icon\">\n\t\t\t<svg xmlns=\"http:\/\/www.w3.org\/2000\/svg\" height=\"512\" viewBox=\"0 0 510 510\" width=\"512\"><g id=\"Layer_2\" data-name=\"Layer 2\"><g id=\"_04.number_3\" data-name=\"04.number_3\"><path id=\"background\" d=\"m255 23a232.07 232.07 0 0 1 90.3 445.78 232.07 232.07 0 0 1 -180.6-427.56 230.57 230.57 0 0 1 90.3-18.22m0-23c-140.83 0-255 114.17-255 255 0 140.83 114.17 255 255 255 140.83 0 255-114.17 255-255 0-140.83-114.17-255-255-255z\"><\/path><path d=\"m330 291.9c0 46.2-36 70.2-76.5 70.2-31.8 0-60.6-14.1-73.5-45l41.4-24c4.8 13.8 13.8 22.2 32.1 22.2 19.8 0 28.5-10.5 28.5-23.4s-8.7-23.4-28.5-23.4h-9.9l-18.3-27.3 38.1-48.3h-76.8v-45h135v39l-36.3 46.2c25.8 9 44.7 29.7 44.7 58.8z\"><\/path><\/g><\/g><\/svg>\t\t\t<\/div>\n\t\t<\/div>\n\t\t\t\t\t\t<\/div>\n\t\t\t\t<\/div>\n\t\t\t\t<\/div>\n\t\t<div class=\"elementor-element elementor-element-cc431af e-con-full e-flex e-con e-parent\" data-id=\"cc431af\" data-element_type=\"container\" data-e-type=\"container\">\n\t\t\t\t<div class=\"elementor-element elementor-element-8bdd6c9 elementor-widget elementor-widget-heading\" data-id=\"8bdd6c9\" data-element_type=\"widget\" data-e-type=\"widget\" data-widget_type=\"heading.default\">\n\t\t\t\t<div class=\"elementor-widget-container\">\n\t\t\t\t\t<h3 class=\"elementor-heading-title elementor-size-default\"> <strong>Gr\u00fcndung von Unternehmen<\/strong><\/h3>\t\t\t\t<\/div>\n\t\t\t\t<\/div>\n\t\t\t\t<div class=\"elementor-element elementor-element-307236a elementor-widget elementor-widget-spacer\" data-id=\"307236a\" data-element_type=\"widget\" data-e-type=\"widget\" data-widget_type=\"spacer.default\">\n\t\t\t\t<div class=\"elementor-widget-container\">\n\t\t\t\t\t\t\t<div class=\"elementor-spacer\">\n\t\t\t<div class=\"elementor-spacer-inner\"><\/div>\n\t\t<\/div>\n\t\t\t\t\t\t<\/div>\n\t\t\t\t<\/div>\n\t\t\t\t<div class=\"elementor-element elementor-element-c7c0370 elementor-widget elementor-widget-text-editor\" data-id=\"c7c0370\" data-element_type=\"widget\" data-e-type=\"widget\" data-widget_type=\"text-editor.default\">\n\t\t\t\t<div class=\"elementor-widget-container\">\n\t\t\t\t\t\t\t\t\t<p><strong>M\u00f6chten Sie, dass wir Ihnen bei der Gr\u00fcndung Ihres Unternehmens behilflich sind? Wir arbeiten in vielen L\u00e4ndern, schauen Sie sich diesen Abschnitt an, wenn Sie eine klare Vorstellung davon haben, wo Sie leben m\u00f6chten.<\/strong><\/p>\n\t\t\t\t\t\t\t\t<\/div>\n\t\t\t\t<\/div>\n\t\t\t\t<div class=\"elementor-element elementor-element-533ecf8 elementor-widget elementor-widget-spacer\" data-id=\"533ecf8\" data-element_type=\"widget\" data-e-type=\"widget\" data-widget_type=\"spacer.default\">\n\t\t\t\t<div class=\"elementor-widget-container\">\n\t\t\t\t\t\t\t<div class=\"elementor-spacer\">\n\t\t\t<div class=\"elementor-spacer-inner\"><\/div>\n\t\t<\/div>\n\t\t\t\t\t\t<\/div>\n\t\t\t\t<\/div>\n\t\t\t\t<div class=\"elementor-element elementor-element-e285796 elementor-button-success elementor-align-center elementor-widget elementor-widget-button\" data-id=\"e285796\" data-element_type=\"widget\" data-e-type=\"widget\" data-widget_type=\"button.default\">\n\t\t\t\t<div class=\"elementor-widget-container\">\n\t\t\t\t\t\t\t\t\t<div class=\"elementor-button-wrapper\">\n\t\t\t\t\t<a class=\"elementor-button elementor-button-link elementor-size-sm\" href=\"http:\/\/thenomadtax.com\/crear-empresa-offshore\/\">\n\t\t\t\t\t\t<span class=\"elementor-button-content-wrapper\">\n\t\t\t\t\t\t\t\t\t<span class=\"elementor-button-text\">Mehr sehen<\/span>\n\t\t\t\t\t<\/span>\n\t\t\t\t\t<\/a>\n\t\t\t\t<\/div>\n\t\t\t\t\t\t\t\t<\/div>\n\t\t\t\t<\/div>\n\t\t\t\t<div class=\"elementor-element elementor-element-4011b09 elementor-widget elementor-widget-spacer\" data-id=\"4011b09\" data-element_type=\"widget\" data-e-type=\"widget\" data-widget_type=\"spacer.default\">\n\t\t\t\t<div class=\"elementor-widget-container\">\n\t\t\t\t\t\t\t<div class=\"elementor-spacer\">\n\t\t\t<div class=\"elementor-spacer-inner\"><\/div>\n\t\t<\/div>\n\t\t\t\t\t\t<\/div>\n\t\t\t\t<\/div>\n\t\t\t\t<\/div>\n\t\t\t\t\t<\/div>\n\t\t\t\t<\/div>\n\t\t\t\t\t<\/div>\n\t\t\t\t<\/div>\n\t\t<div class=\"elementor-element elementor-element-ac531cd e-con-full e-flex e-con e-parent\" data-id=\"ac531cd\" data-element_type=\"container\" data-e-type=\"container\">\n\t\t\t\t<div class=\"elementor-element elementor-element-19f874c elementor-widget elementor-widget-template\" data-id=\"19f874c\" data-element_type=\"widget\" data-e-type=\"widget\" data-widget_type=\"template.default\">\n\t\t\t\t<div class=\"elementor-widget-container\">\n\t\t\t\t\t\t\t<div class=\"elementor-template\">\n\t\t\t\t\t<div data-elementor-type=\"container\" data-elementor-id=\"605\" class=\"elementor elementor-605\" data-elementor-post-type=\"elementor_library\">\n\t\t\t\t<div class=\"elementor-element elementor-element-44728fe2 e-flex e-con-boxed e-con e-parent\" data-id=\"44728fe2\" data-element_type=\"container\" data-e-type=\"container\" id=\"contacto\">\n\t\t\t\t\t<div class=\"e-con-inner\">\n\t\t<div class=\"elementor-element elementor-element-4b4424a9 e-flex e-con-boxed e-con e-parent\" data-id=\"4b4424a9\" data-element_type=\"container\" data-e-type=\"container\">\n\t\t\t\t\t<div class=\"e-con-inner\">\n\t\t\t\t<div class=\"elementor-element elementor-element-72ddc015 elementor-widget elementor-widget-heading\" data-id=\"72ddc015\" data-element_type=\"widget\" data-e-type=\"widget\" data-widget_type=\"heading.default\">\n\t\t\t\t<div class=\"elementor-widget-container\">\n\t\t\t\t\t<h2 class=\"elementor-heading-title elementor-size-default\">\u00bfAlguna duda o consulta?<\/h2>\t\t\t\t<\/div>\n\t\t\t\t<\/div>\n\t\t\t\t<div class=\"elementor-element elementor-element-2db3792d elementor-widget elementor-widget-text-editor\" data-id=\"2db3792d\" data-element_type=\"widget\" data-e-type=\"widget\" data-widget_type=\"text-editor.default\">\n\t\t\t\t<div class=\"elementor-widget-container\">\n\t\t\t\t\t\t\t\t\t<p>Env\u00edanos el siguiente formulario y te responderemos en la mayor brevedad posible:<\/p>\t\t\t\t\t\t\t\t<\/div>\n\t\t\t\t<\/div>\n\t\t<div class=\"elementor-element elementor-element-7741a24 e-con-full e-flex e-con e-parent\" data-id=\"7741a24\" data-element_type=\"container\" data-e-type=\"container\" data-settings=\"{&quot;background_background&quot;:&quot;classic&quot;}\">\n\t\t\t\t<div class=\"elementor-element elementor-element-3f404220 elementor-button-align-center elementor-widget elementor-widget-global elementor-global-532 elementor-widget-form\" data-id=\"3f404220\" data-element_type=\"widget\" data-e-type=\"widget\" data-settings=\"{&quot;step_next_label&quot;:&quot;Weiter&quot;,&quot;step_previous_label&quot;:&quot;Vorherige&quot;,&quot;button_width&quot;:&quot;100&quot;,&quot;step_type&quot;:&quot;number_text&quot;,&quot;step_icon_shape&quot;:&quot;circle&quot;}\" data-widget_type=\"form.default\">\n\t\t\t\t<div class=\"elementor-widget-container\">\n\t\t\t\t\t\t\t<form class=\"elementor-form\" method=\"post\" name=\"Formular\">\n\t\t\t<input type=\"hidden\" name=\"post_id\" value=\"605\"\/>\n\t\t\t<input type=\"hidden\" name=\"form_id\" value=\"3f404220\"\/>\n\t\t\t<input type=\"hidden\" name=\"referer_title\" value=\"\" \/>\n\n\t\t\t\n\t\t\t<div class=\"elementor-form-fields-wrapper elementor-labels-\">\n\t\t\t\t\t\t\t\t<div class=\"elementor-field-type-text elementor-field-group elementor-column elementor-field-group-nombre elementor-col-100 elementor-field-required\">\n\t\t\t\t\t\t\t\t\t\t\t\t<label for=\"form-field-nombre\" class=\"elementor-field-label elementor-screen-only\">\n\t\t\t\t\t\t\t\tName\t\t\t\t\t\t\t<\/label>\n\t\t\t\t\t\t\t\t\t\t\t\t\t\t<input size=\"1\" type=\"text\" name=\"form_fields[nombre]\" id=\"form-field-nombre\" class=\"elementor-field elementor-size-sm  elementor-field-textual\" placeholder=\"Name *\" required=\"required\" aria-required=\"true\">\n\t\t\t\t\t\t\t\t\t\t\t<\/div>\n\t\t\t\t\t\t\t\t<div class=\"elementor-field-type-tel elementor-field-group elementor-column elementor-field-group-telefono elementor-col-100\">\n\t\t\t\t\t\t\t\t\t\t\t\t<label for=\"form-field-telefono\" class=\"elementor-field-label elementor-screen-only\">\n\t\t\t\t\t\t\t\tTelefon\t\t\t\t\t\t\t<\/label>\n\t\t\t\t\t\t\t\t<input size=\"1\" type=\"tel\" name=\"form_fields[telefono]\" id=\"form-field-telefono\" class=\"elementor-field elementor-size-sm  elementor-field-textual\" placeholder=\"Telefon\" pattern=\"[0-9()#&amp;+*-=.]+\" title=\"Nur Nummern oder Telefon-Zeichen (#, -, *, etc) werden akzeptiert.\">\n\n\t\t\t\t\t\t<\/div>\n\t\t\t\t\t\t\t\t<div class=\"elementor-field-type-email elementor-field-group elementor-column elementor-field-group-email elementor-col-100 elementor-field-required\">\n\t\t\t\t\t\t\t\t\t\t\t\t<label for=\"form-field-email\" class=\"elementor-field-label elementor-screen-only\">\n\t\t\t\t\t\t\t\tE-Mail\t\t\t\t\t\t\t<\/label>\n\t\t\t\t\t\t\t\t\t\t\t\t\t\t<input size=\"1\" type=\"email\" name=\"form_fields[email]\" id=\"form-field-email\" class=\"elementor-field elementor-size-sm  elementor-field-textual\" placeholder=\"E-Mail *\" required=\"required\" aria-required=\"true\">\n\t\t\t\t\t\t\t\t\t\t\t<\/div>\n\t\t\t\t\t\t\t\t<div class=\"elementor-field-type-textarea elementor-field-group elementor-column elementor-field-group-mensaje elementor-col-100 elementor-field-required\">\n\t\t\t\t\t\t\t\t\t\t\t\t<label for=\"form-field-mensaje\" class=\"elementor-field-label elementor-screen-only\">\n\t\t\t\t\t\t\t\tNachricht\t\t\t\t\t\t\t<\/label>\n\t\t\t\t\t\t<textarea class=\"elementor-field-textual elementor-field  elementor-size-sm\" name=\"form_fields[mensaje]\" id=\"form-field-mensaje\" rows=\"5\" placeholder=\"Nachricht *\" required=\"required\" aria-required=\"true\"><\/textarea>\t\t\t\t<\/div>\n\t\t\t\t\t\t\t\t<div class=\"elementor-field-type-acceptance elementor-field-group elementor-column elementor-field-group-acepto elementor-col-100 elementor-field-required\">\n\t\t\t\t\t\t\t\t\t\t\t\t<label for=\"form-field-acepto\" class=\"elementor-field-label elementor-screen-only\">\n\t\t\t\t\t\t\t\tGDPR\t\t\t\t\t\t\t<\/label>\n\t\t\t\t\t\t\t\t<div class=\"elementor-field-subgroup\">\n\t\t\t<span class=\"elementor-field-option\">\n\t\t\t\t<input type=\"checkbox\" name=\"form_fields[acepto]\" id=\"form-field-acepto\" class=\"elementor-field elementor-size-sm  elementor-acceptance-field\" required=\"required\" aria-required=\"true\">\n\t\t\t\t<label for=\"form-field-acepto\">Ich habe die <a href=\"https:\/\/thenomadtax.com\/de\/datenschutzbestimmungen\/\" class=\"btn-subrayado\">Datenschutzbestimmungen<\/a> gelesen und akzeptiere sie<\/label>\t\t\t<\/span>\n\t\t<\/div>\n\t\t\t\t\t\t<\/div>\n\t\t\t\t\t\t\t\t<div class=\"elementor-field-type-recaptcha_v3 elementor-field-group elementor-column elementor-field-group-field_9bc0eab elementor-col-100 recaptcha_v3-bottomleft\">\n\t\t\t\t\t<div class=\"elementor-field\" id=\"form-field-field_9bc0eab\"><div class=\"elementor-g-recaptcha\" data-sitekey=\"6LegktYlAAAAAOmIzvJIckqXGIO70WiN_mzZ3OfP\" data-type=\"v3\" data-action=\"Form\" data-badge=\"bottomleft\" data-size=\"invisible\"><\/div><\/div>\t\t\t\t<\/div>\n\t\t\t\t\t\t\t\t<div class=\"elementor-field-group elementor-column elementor-field-type-submit elementor-col-100 e-form__buttons\">\n\t\t\t\t\t<button class=\"elementor-button elementor-size-sm\" type=\"submit\">\n\t\t\t\t\t\t<span class=\"elementor-button-content-wrapper\">\n\t\t\t\t\t\t\t\t\t\t\t\t\t\t\t\t\t\t\t\t\t\t<span class=\"elementor-button-text\">Senden Sie<\/span>\n\t\t\t\t\t\t\t\t\t\t\t\t\t<\/span>\n\t\t\t\t\t<\/button>\n\t\t\t\t<\/div>\n\t\t\t<\/div>\n\t\t<\/form>\n\t\t\t\t\t\t<\/div>\n\t\t\t\t<\/div>\n\t\t\t\t<div class=\"elementor-element elementor-element-442e9fa0 elementor-widget elementor-widget-heading\" data-id=\"442e9fa0\" data-element_type=\"widget\" data-e-type=\"widget\" data-widget_type=\"heading.default\">\n\t\t\t\t<div class=\"elementor-widget-container\">\n\t\t\t\t\t<p class=\"elementor-heading-title elementor-size-default\">* Campos obligatorios<\/p>\t\t\t\t<\/div>\n\t\t\t\t<\/div>\n\t\t\t\t<\/div>\n\t\t\t\t\t<\/div>\n\t\t\t\t<\/div>\n\t\t\t\t\t<\/div>\n\t\t\t\t<\/div>\n\t\t\t\t<\/div>\n\t\t\t\t<\/div>\n\t\t\t\t\t\t<\/div>\n\t\t\t\t<\/div>\n\t\t\t\t<\/div>\n\t\t\t\t<\/div>\n\t\t","protected":false},"excerpt":{"rendered":"<p>Strategischer Aufruf Wenn Sie Hilfe bei der internationalen Mobilit\u00e4t und der Steueroptimierung ben\u00f6tigen, Beratung zu Themen wie Aufenthalt, Gesch\u00e4ft, Steuern, Investitionen und Verm\u00f6gensschutz. Wir helfen Unternehmern, digitalen Nomaden und Einzelpersonen, die ihre Investitionen diversifizieren und einen zweiten Pass erhalten m\u00f6chten. Wir konzentrieren uns darauf, die Einhaltung von Vorschriften zu gew\u00e4hrleisten und gleichzeitig die weltweiten steuerlichen [&hellip;]<\/p>\n","protected":false},"author":1,"featured_media":0,"parent":0,"menu_order":0,"comment_status":"closed","ping_status":"closed","template":"","meta":{"footnotes":""},"class_list":["post-3988","page","type-page","status-publish","hentry"],"_links":{"self":[{"href":"https:\/\/thenomadtax.com\/de\/wp-json\/wp\/v2\/pages\/3988","targetHints":{"allow":["GET"]}}],"collection":[{"href":"https:\/\/thenomadtax.com\/de\/wp-json\/wp\/v2\/pages"}],"about":[{"href":"https:\/\/thenomadtax.com\/de\/wp-json\/wp\/v2\/types\/page"}],"author":[{"embeddable":true,"href":"https:\/\/thenomadtax.com\/de\/wp-json\/wp\/v2\/users\/1"}],"replies":[{"embeddable":true,"href":"https:\/\/thenomadtax.com\/de\/wp-json\/wp\/v2\/comments?post=3988"}],"version-history":[{"count":1,"href":"https:\/\/thenomadtax.com\/de\/wp-json\/wp\/v2\/pages\/3988\/revisions"}],"predecessor-version":[{"id":3989,"href":"https:\/\/thenomadtax.com\/de\/wp-json\/wp\/v2\/pages\/3988\/revisions\/3989"}],"wp:attachment":[{"href":"https:\/\/thenomadtax.com\/de\/wp-json\/wp\/v2\/media?parent=3988"}],"curies":[{"name":"wp","href":"https:\/\/api.w.org\/{rel}","templated":true}]}}