{"id":3986,"date":"2023-05-02T18:40:07","date_gmt":"2023-05-02T16:40:07","guid":{"rendered":"https:\/\/thenomadtax.com\/datenschutzbestimmungen\/"},"modified":"2023-11-20T19:58:56","modified_gmt":"2023-11-20T18:58:56","slug":"datenschutzbestimmungen","status":"publish","type":"page","link":"https:\/\/thenomadtax.com\/de\/datenschutzbestimmungen\/","title":{"rendered":"Datenschutzbestimmungen"},"content":{"rendered":"\t\t<div data-elementor-type=\"wp-page\" data-elementor-id=\"3986\" class=\"elementor elementor-3986 elementor-325\" data-elementor-post-type=\"page\">\n\t\t\t\t<div class=\"elementor-element elementor-element-8cdcb51 avisolegal e-flex e-con-boxed e-con e-parent\" data-id=\"8cdcb51\" data-element_type=\"container\" data-e-type=\"container\">\n\t\t\t\t\t<div class=\"e-con-inner\">\n\t\t\t\t<div class=\"elementor-element elementor-element-7666c30 elementor-widget elementor-widget-text-editor\" data-id=\"7666c30\" data-element_type=\"widget\" data-e-type=\"widget\" data-widget_type=\"text-editor.default\">\n\t\t\t\t<div class=\"elementor-widget-container\">\n\t\t\t\t\t\t\t\t\t<p>[legalnombreweb]  informiert Sie hiermit \u00fcber seine Datenschutzpolitik in Bezug auf die Verarbeitung und den Schutz der pers\u00f6nlichen Daten von Nutzern und Kunden, die beim Surfen oder beim Kauf von Dienstleistungen und\/oder Produkten \u00fcber die Website [legalweb] erhoben werden k\u00f6nnen.<\/p>\n<p>In dieser Hinsicht garantiert der Inhaber die Einhaltung der geltenden Rechtsvorschriften zum Schutz personenbezogener Daten, wie sie im Organgesetz 3\/2018 vom 5. Dezember \u00fcber den Schutz personenbezogener Daten und die Gew\u00e4hrleistung digitaler Rechte (LOPD GDD) enthalten sind. Sie entspricht auch der Verordnung (EU) 2016\/679 des Europ\u00e4ischen Parlaments und des Rates vom 27. April 2016 zum Schutz nat\u00fcrlicher Personen (GDPR).<\/p>\n<p>Die Nutzung der Website setzt die Zustimmung zu dieser Datenschutzrichtlinie sowie zu den im rechtlichen Hinweis enthaltenen Bedingungen voraus.<\/p>\n<h2>Grunds\u00e4tze der Datenverarbeitung<\/h2>\n<p>Bei der Verarbeitung Ihrer personenbezogenen Daten wendet der f\u00fcr die Verarbeitung Verantwortliche die folgenden Grunds\u00e4tze an, die mit den Anforderungen der neuen europ\u00e4ischen Datenschutzverordnung \u00fcbereinstimmen:<\/p>\n<ul>\n<li><strong>Grundsatz der Rechtm\u00e4\u00dfigkeit, Fairness und Transparenz:<\/strong> Der f\u00fcr die Verarbeitung Verantwortliche wird stets die Zustimmung zur Verarbeitung Ihrer personenbezogenen Daten einholen, die einem oder mehreren bestimmten Zwecken dienen kann, \u00fcber die Sie im Voraus in absoluter Transparenz informiert werden.<\/li>\n<li><strong>Grundsatz der Datenminimierung:<\/strong> Der f\u00fcr die Verarbeitung Verantwortliche wird von Ihnen nur die Daten anfordern, die f\u00fcr den Zweck oder die Zwecke, f\u00fcr die sie angefordert werden, unbedingt erforderlich sind.<\/li>\n<li><strong>Grundsatz der Begrenzung der Speicherdauer:<\/strong> Die Daten werden nur so lange aufbewahrt, wie es f\u00fcr den\/die Zweck(e) der Verarbeitung unbedingt erforderlich ist.<br \/>Der f\u00fcr die Verarbeitung Verantwortliche wird Sie \u00fcber die entsprechende Aufbewahrungsfrist je nach Zweck informieren.<br \/>Im Falle von Abonnements \u00fcberpr\u00fcft der Registrant regelm\u00e4\u00dfig die Listen und l\u00f6scht die Eintragungen, die \u00fcber einen l\u00e4ngeren Zeitraum inaktiv waren.<\/li>\n<li><strong>Grundsatz der Integrit\u00e4t und Vertraulichkeit:<\/strong> Ihre Daten werden so behandelt, dass ihre Sicherheit, Vertraulichkeit und Integrit\u00e4t gew\u00e4hrleistet ist. Sie sollten wissen, dass der f\u00fcr die Datenverarbeitung Verantwortliche die notwendigen Vorkehrungen trifft, um den unbefugten Zugriff oder die missbr\u00e4uchliche Verwendung der Daten seiner Nutzer durch Dritte zu verhindern.<\/li>\n<\/ul>\n<h2>Erhebung von personenbezogenen Daten<\/h2>\n<p>Um [legalweb] zu besuchen, m\u00fcssen Sie keine pers\u00f6nlichen Daten angeben. Die F\u00e4lle, in denen Sie Ihre personenbezogenen Daten zur Verf\u00fcgung stellen, sind die folgenden:<\/p>\n<ul>\n<li>Indem Sie uns \u00fcber die Kontaktformulare kontaktieren oder eine E-Mail senden.<\/li>\n<li>Bei Kommentaren zu einem Artikel oder einer Seite.<\/li>\n<li>Wenn Sie sich f\u00fcr ein Anmeldeformular oder einen Newsletter anmelden.<\/li>\n<\/ul>\n<h2>Ihre Rechte<\/h2>\n<p>Der f\u00fcr die Verarbeitung Verantwortliche teilt Ihnen mit, dass Sie das Recht haben, auf Ihre personenbezogenen Daten zuzugreifen:<\/p>\n<ul>\n<li>Zugriff auf gespeicherte Daten beantragen.<\/li>\n<li>eine Berichtigung oder L\u00f6schung beantragen.<\/li>\n<li>die Einschr\u00e4nkung ihrer Verarbeitung beantragen.<\/li>\n<li>Behandlung ablehnen.<\/li>\n<li>Beantragen Sie die \u00dcbertragbarkeit Ihrer Daten.<\/li>\n<\/ul>\n<p>Das bedeutet, dass jeder Kunde, Abonnent oder Mitarbeiter, der seine Daten zur Verf\u00fcgung gestellt hat, sich jederzeit an den f\u00fcr die Verarbeitung Verantwortlichen wenden und Auskunft \u00fcber die gespeicherten Daten und deren Herkunft verlangen kann, die Berichtigung der Daten, die \u00dcbertragbarkeit seiner personenbezogenen Daten, den Widerspruch gegen die Verarbeitung, die Einschr\u00e4nkung der Nutzung oder die L\u00f6schung dieser Daten in den Akten des f\u00fcr die Verarbeitung Verantwortlichen beantragen kann.<\/p>\n<p>Um Ihre Rechte auf Auskunft, Berichtigung, L\u00f6schung, \u00dcbertragbarkeit und Widerspruch auszu\u00fcben, m\u00fcssen Sie eine E-Mail an [legalemail] senden und einen g\u00fcltigen Rechtsnachweis wie eine Fotokopie Ihres Personalausweises oder einen gleichwertigen Nachweis beif\u00fcgen.<\/p>\n<p>Sie haben das Recht auf wirksamen Rechtsschutz und auf eine Beschwerde bei der Aufsichtsbeh\u00f6rde, in diesem Fall der spanischen Datenschutzbeh\u00f6rde, wenn Sie der Ansicht sind, dass die Verarbeitung der Sie betreffenden personenbezogenen Daten gegen die Verordnung verst\u00f6\u00dft.<\/p>\n<h2>Zweck der Verarbeitung von personenbezogenen Daten<\/h2>\n<p>Wenn Sie sich mit der Website verbinden, um eine E-Mail an den Eigent\u00fcmer zu senden, seinen Newsletter zu abonnieren oder einen Vertrag abzuschlie\u00dfen, geben Sie pers\u00f6nliche Daten an, f\u00fcr die der Eigent\u00fcmer verantwortlich ist. Diese Informationen k\u00f6nnen personenbezogene Daten wie Ihre IP-Adresse, Ihren Vor- und Nachnamen, Ihre Anschrift, Ihre E-Mail-Adresse, Ihre Telefonnummer und andere Informationen enthalten. Durch die Bereitstellung dieser Informationen, erkl\u00e4ren Sie sich mit der Sammlung, Nutzung, Verwaltung und Speicherung Ihrer Daten durch superadmin.es , nur wie im Impressum und diese Datenschutzrichtlinie beschrieben.<\/p>\n<p>Die personenbezogenen Daten und der Zweck der Verarbeitung durch die betroffene Person sind je nach Informationserfassungssystem unterschiedlich:<\/p>\n<ul>\n<li><strong>Kontaktformulare:<\/strong> Der Inhaber bittet um personenbezogene Daten, die Folgendes umfassen k\u00f6nnen: Vor- und Nachname, E-Mail-Adresse, Telefonnummer und Adresse Ihrer Website, um Ihre Anfragen zu beantworten.<br \/>Der f\u00fcr die Verarbeitung Verantwortliche verwendet diese Daten zum Beispiel, um auf Ihre Nachrichten, Zweifel, Beschwerden, Kommentare oder Bedenken zu antworten, die Sie in Bezug auf die auf der Website enthaltenen Informationen, die \u00fcber die Website angebotenen Dienstleistungen, die Verarbeitung Ihrer personenbezogenen Daten, Fragen zu den auf der Website enthaltenen Rechtstexten sowie alle anderen Anfragen haben, die nicht unter die Bedingungen der Website oder des Vertrags fallen.<\/li>\n<li><strong>Formulare f\u00fcr das Abonnement von Inhalten:<\/strong> Der Eigent\u00fcmer bittet um folgende personenbezogene Daten: Vor- und Nachname, E-Mail-Adresse, Telefonnummer und Adresse Ihrer Website, um die Abonnentenliste zu verwalten, Newsletter, Werbeaktionen und Sonderangebote zu versenden.<br \/>Die Daten, die Sie dem f\u00fcr die Verarbeitung Verantwortlichen zur Verf\u00fcgung stellen, werden auf den Servern des Unternehmens gespeichert, mit dem der Webhosting-Vertrag abgeschlossen wurde.<\/li>\n<\/ul>\n<p>Der f\u00fcr die Verarbeitung Verantwortliche verarbeitet Ihre personenbezogenen Daten auch zu anderen Zwecken:<\/p>\n<ul>\n<li>Sicherstellung der Einhaltung der im rechtlichen Hinweis und im geltenden Recht festgelegten Bedingungen. Dazu kann auch die Entwicklung von Werkzeugen und Algorithmen geh\u00f6ren, die dieser Website helfen, die Vertraulichkeit der gesammelten personenbezogenen Daten zu gew\u00e4hrleisten.<\/li>\n<li>Zur Unterst\u00fctzung und Verbesserung der auf dieser Website angebotenen Dienste.<\/li>\n<li>Analyse der Navigation. Der Eigent\u00fcmer sammelt andere, nicht identifizierende Daten, die durch die Verwendung von Cookies gewonnen werden, die auf Ihren Computer heruntergeladen werden, wenn Sie auf der Website surfen; die Merkmale und der Zweck dieser Cookies sind in der Cookie-Richtlinie beschrieben.<\/li>\n<li>Soziale Netzwerke zu verwalten. der Inhaber hat eine Pr\u00e4senz in den sozialen Medien. Wenn Sie Follower in den sozialen Netzwerken des Inhabers werden, unterliegt die Verarbeitung personenbezogener Daten diesem Abschnitt sowie den Nutzungsbedingungen, Datenschutzrichtlinien und Zugangsregelungen des jeweiligen sozialen Netzwerks, die Sie zuvor akzeptiert haben.<\/li>\n<\/ul>\n<p>Sie k\u00f6nnen die Datenschutzbestimmungen der wichtigsten sozialen Netzwerke einsehen, indem Sie auf diese Links klicken:<\/p>\n<ul>\n<li><a href=\"https:\/\/www.facebook.com\/privacy\/explanation\" target=\"_blank\" rel=\"nofollow noopener\">Facebook<\/a><\/li>\n<li><a href=\"https:\/\/help.twitter.com\/es\/rules-and-policies\" target=\"_blank\" rel=\"nofollow noopener\">Twitter<\/a><\/li>\n<li><a href=\"https:\/\/www.linkedin.com\/help\/linkedin\/topics\/6023\/6036\" target=\"_blank\" rel=\"nofollow noopener\">Linkedin<\/a><\/li>\n<li><a href=\"https:\/\/www.youtube.com\/intl\/es\/about\/policies\/#community-guidelines\" target=\"_blank\" rel=\"nofollow noopener\">YouTube<\/a><\/li>\n<li><a href=\"https:\/\/www.facebook.com\/help\/instagram\/155833707900388\" target=\"_blank\" rel=\"nofollow noopener\">Instagram<\/a><\/li>\n<\/ul>\n<p>Der Eigent\u00fcmer verarbeitet Ihre personenbezogenen Daten, um seine Pr\u00e4senz in den sozialen Netzwerken korrekt zu verwalten, Sie \u00fcber seine Aktivit\u00e4ten, Produkte oder Dienstleistungen zu informieren sowie f\u00fcr jeden anderen Zweck, den die Vorschriften der sozialen Netzwerke erlauben.<\/p>\n<p>Der f\u00fcr die Verarbeitung Verantwortliche wird die Profile von Followern in sozialen Netzwerken unter keinen Umst\u00e4nden dazu verwenden, Werbung auf individueller Basis zu versenden.<\/p>\n<h2>Sicherheit der personenbezogenen Daten<\/h2>\n<p>Zum Schutz Ihrer personenbezogenen Daten ergreift der f\u00fcr die Verarbeitung Verantwortliche alle angemessenen Vorsichtsma\u00dfnahmen und befolgt die besten Praktiken der Branche, um den Verlust, den Missbrauch, den unsachgem\u00e4\u00dfen Zugriff, die Offenlegung, die \u00c4nderung oder die Zerst\u00f6rung Ihrer personenbezogenen Daten zu verhindern.<\/p>\n<p>Die Website wird unter [legalhosting] gehostet. Die Sicherheit Ihrer Daten ist gew\u00e4hrleistet, da sie alle notwendigen Sicherheitsma\u00dfnahmen ergreifen. Weitere Informationen finden Sie in der Datenschutzrichtlinie des Unternehmens.<\/p>\n<h2>Inhalte von anderen Websites<\/h2>\n<p>Die Seiten dieser Website k\u00f6nnen eingebettete Inhalte (z. B. Videos, Bilder, Artikel usw.) enthalten. Eingebettete Inhalte von anderen Websites verhalten sich genau so, als ob Sie die andere Website besucht h\u00e4tten.<\/p>\n<p>Diese Websites k\u00f6nnen Daten \u00fcber Sie sammeln, Cookies verwenden, zus\u00e4tzlichen Tracking-Code von Dritten einbetten und Ihre Interaktion mit diesem Code \u00fcberwachen.<\/p>\n<h2>Cookie-Richtlinie<\/h2>\n<p>Damit diese Website ordnungsgem\u00e4\u00df funktioniert, muss sie Cookies verwenden, d. h. Informationen, die in Ihrem Webbrowser gespeichert werden.<\/p>\n<p>Auf der Seite Cookie-Politik k\u00f6nnen Sie alle Informationen \u00fcber die Sammlungspolitik, den Zweck und die Verarbeitung von Cookies einsehen.<\/p>\n<h2>Legitimation f\u00fcr die Datenverarbeitung<\/h2>\n<p>Die Rechtsgrundlage f\u00fcr die Verarbeitung Ihrer Daten ist: die Einwilligung.<\/p>\n<p>Um den Eigent\u00fcmer zu kontaktieren, einen Newsletter zu abonnieren oder Kommentare auf dieser Website abzugeben, m\u00fcssen Sie diese Datenschutzrichtlinie akzeptieren.<\/p>\n<h2>Kategorien von personenbezogenen Daten<\/h2>\n<p>Der f\u00fcr die Verarbeitung Verantwortliche verarbeitet folgende Kategorien von personenbezogenen Daten:<\/p>\n<ul>\n<li>Identifizierungsdaten.<\/li>\n<\/ul>\n<h2>Aufbewahrung von personenbezogenen Daten<\/h2>\n<p>Die personenbezogenen Daten, die Sie dem f\u00fcr die Verarbeitung Verantwortlichen zur Verf\u00fcgung stellen, werden so lange gespeichert, bis Sie deren L\u00f6schung beantragen.<\/p>\n<h2>Empf\u00e4nger von personenbezogenen Daten<\/h2>\n<ul>\n<li><strong>Google Analytics<\/strong> ist ein Webanalysedienst von Google, Inc. mit Sitz in 1600 Amphitheatre Parkway, Mountain View, Kalifornien, CA 94043, Vereinigte Staaten (&#8222;Google&#8220;).<br \/>Weitere Informationen finden Sie unter<br \/><b><a href=\"https:\/\/analytics.google.com\" target=\"_blank\" rel=\"nofollow noopener\">https:\/\/analytics.google.com<\/a><\/b><br \/>Google Analytics verwendet sog. Cookies&#8220;, Textdateien, die auf Ihrem Computer gespeichert werden und die eine Analyse der Benutzung der Website durch Sie erm\u00f6glichen. Die durch den Cookie erzeugten Informationen \u00fcber Ihre Benutzung dieser Website (einschlie\u00dflich Ihrer IP-Adresse) werden an einen Server von Google in den Vereinigten Staaten \u00fcbertragen und dort gespeichert.<\/li>\n<\/ul>\n<p>Sie k\u00f6nnen auch eine Liste der von Google und seinen Partnern verwendeten Cookie-Typen und Informationen \u00fcber die Verwendung von Werbe-Cookies einsehen.<\/p>\n<h2>Surfen im Internet<\/h2>\n<p>Beim Surfen auf [legalweb] k\u00f6nnen nicht-identifizierende Daten erfasst werden, wie z. B. IP-Adresse, Geolokalisierung, Aufzeichnung der Nutzung von Diensten und Websites, Surfgewohnheiten und andere Daten, die nicht zu Ihrer Identifizierung verwendet werden k\u00f6nnen.<\/p>\n<p>Die Website nutzt die folgenden Analysedienste Dritter:<\/p>\n<ul>\n<li>Google Analytics<\/li>\n<\/ul>\n<p>Der Eigent\u00fcmer verwendet die erhaltenen Informationen, um statistische Daten zu erhalten, Trends zu analysieren, die Website zu verwalten, Browsing-Muster zu untersuchen und demographische Informationen zu sammeln.<\/p>\n<h2>Richtigkeit und Wahrhaftigkeit der personenbezogenen Daten<\/h2>\n<p>Sie verpflichten sich, daf\u00fcr zu sorgen, dass die dem f\u00fcr die Verarbeitung Verantwortlichen zur Verf\u00fcgung gestellten Daten richtig, vollst\u00e4ndig, genau und auf dem neuesten Stand sind, und sie ordnungsgem\u00e4\u00df zu aktualisieren.<\/p>\n<p>Als Nutzer der Website sind Sie allein f\u00fcr die Richtigkeit und Genauigkeit der Daten verantwortlich, die Sie an die Website \u00fcbermitteln, und entbinden den Inhaber von jeglicher diesbez\u00fcglichen Haftung.<\/p>\n<h2>Akzeptanz und Zustimmung<\/h2>\n<p>Als Nutzer der Website erkl\u00e4ren Sie, dass Sie \u00fcber die Bedingungen f\u00fcr den Schutz personenbezogener Daten informiert wurden und dass Sie die Verarbeitung dieser Daten durch den Eigent\u00fcmer in der Art und Weise und zu den Zwecken, die in dieser Datenschutzrichtlinie angegeben sind, akzeptieren und damit einverstanden sind.<\/p>\n<h2>Widerrufbarkeit<\/h2>\n<p>Um Ihre Rechte auf Auskunft, Berichtigung, L\u00f6schung, \u00dcbertragbarkeit und Widerspruch auszu\u00fcben, m\u00fcssen Sie eine E-Mail an [legalemail] senden und einen g\u00fcltigen Rechtsnachweis wie eine Fotokopie Ihres Personalausweises oder einen gleichwertigen Nachweis beif\u00fcgen.<\/p>\n<p>Die Aus\u00fcbung Ihrer Rechte erstreckt sich nicht auf Daten, die der f\u00fcr die Verarbeitung Verantwortliche aus verwaltungstechnischen, rechtlichen oder sicherheitsrelevanten Gr\u00fcnden aufbewahren muss.<\/p>\n<h2>\u00c4nderungen der Datenschutzrichtlinie<\/h2>\n<p>Der Eigent\u00fcmer beh\u00e4lt sich das Recht vor, diese Datenschutzerkl\u00e4rung zu \u00e4ndern, um sie an neue Gesetzgebung oder Rechtsprechung sowie an Branchenpraktiken anzupassen.<\/p>\n<p>Diese Richtlinien bleiben in Kraft, bis sie durch andere, ordnungsgem\u00e4\u00df ver\u00f6ffentlichte Richtlinien ge\u00e4ndert werden.<\/p>\n\t\t\t\t\t\t\t\t<\/div>\n\t\t\t\t<\/div>\n\t\t\t\t\t<\/div>\n\t\t\t\t<\/div>\n\t\t\t\t<\/div>\n\t\t","protected":false},"excerpt":{"rendered":"<p>[legalnombreweb] informiert Sie hiermit \u00fcber seine Datenschutzpolitik in Bezug auf die Verarbeitung und den Schutz der pers\u00f6nlichen Daten von Nutzern und Kunden, die beim Surfen oder beim Kauf von Dienstleistungen und\/oder Produkten \u00fcber die Website [legalweb] erhoben werden k\u00f6nnen. In dieser Hinsicht garantiert der Inhaber die Einhaltung der geltenden Rechtsvorschriften zum Schutz personenbezogener Daten, wie [&hellip;]<\/p>\n","protected":false},"author":1,"featured_media":0,"parent":0,"menu_order":0,"comment_status":"closed","ping_status":"closed","template":"","meta":{"footnotes":""},"class_list":["post-3986","page","type-page","status-publish","hentry"],"_links":{"self":[{"href":"https:\/\/thenomadtax.com\/de\/wp-json\/wp\/v2\/pages\/3986","targetHints":{"allow":["GET"]}}],"collection":[{"href":"https:\/\/thenomadtax.com\/de\/wp-json\/wp\/v2\/pages"}],"about":[{"href":"https:\/\/thenomadtax.com\/de\/wp-json\/wp\/v2\/types\/page"}],"author":[{"embeddable":true,"href":"https:\/\/thenomadtax.com\/de\/wp-json\/wp\/v2\/users\/1"}],"replies":[{"embeddable":true,"href":"https:\/\/thenomadtax.com\/de\/wp-json\/wp\/v2\/comments?post=3986"}],"version-history":[{"count":1,"href":"https:\/\/thenomadtax.com\/de\/wp-json\/wp\/v2\/pages\/3986\/revisions"}],"predecessor-version":[{"id":3987,"href":"https:\/\/thenomadtax.com\/de\/wp-json\/wp\/v2\/pages\/3986\/revisions\/3987"}],"wp:attachment":[{"href":"https:\/\/thenomadtax.com\/de\/wp-json\/wp\/v2\/media?parent=3986"}],"curies":[{"name":"wp","href":"https:\/\/api.w.org\/{rel}","templated":true}]}}