{"id":3860,"date":"2023-05-02T18:39:48","date_gmt":"2023-05-02T16:39:48","guid":{"rendered":"https:\/\/thenomadtax.com\/rechtlicher-hinweis\/"},"modified":"2023-11-20T18:35:49","modified_gmt":"2023-11-20T17:35:49","slug":"rechtlicher-hinweis","status":"publish","type":"page","link":"https:\/\/thenomadtax.com\/de\/rechtlicher-hinweis\/","title":{"rendered":"Rechtlicher Hinweis"},"content":{"rendered":"\t\t<div data-elementor-type=\"wp-page\" data-elementor-id=\"3860\" class=\"elementor elementor-3860 elementor-323\" data-elementor-post-type=\"page\">\n\t\t\t\t<div class=\"elementor-element elementor-element-b600c6b avisolegal e-flex e-con-boxed e-con e-parent\" data-id=\"b600c6b\" data-element_type=\"container\" data-e-type=\"container\">\n\t\t\t\t\t<div class=\"e-con-inner\">\n\t\t\t\t<div class=\"elementor-element elementor-element-168060f elementor-widget elementor-widget-text-editor\" data-id=\"168060f\" data-element_type=\"widget\" data-e-type=\"widget\" data-widget_type=\"text-editor.default\">\n\t\t\t\t<div class=\"elementor-widget-container\">\n\t\t\t\t\t\t\t\t\t<h2>Identifizierung und Eigentum<\/h2>\nIn \u00dcbereinstimmung mit Artikel 10 des Gesetzes 34 \/ 2002 vom 11. Juli 2002 \u00fcber die Dienste der Informationsgesellschaft und den elektronischen Handel gibt der Inhaber seine Identifikationsdaten an.\n<ul>\n \t<li><strong>\u00dcberschrift:<\/strong> [legaltitular]<\/li>\n \t<li><strong>ICTS:<\/strong> [legalcif]<\/li>\n \t<li><strong>E-Mail:<\/strong> [legalemail]<\/li>\n \t<li><strong>Website:<\/strong> [legalweb]<\/li>\n<\/ul>\n<h2>Zweck<\/h2>\nDer Zweck der Website [legalweb] ist es, dem Nutzer Informationen \u00fcber die von uns angebotenen Dienstleistungen und\/oder Produkte zu zeigen.\n<h2>Bedingungen f\u00fcr die Nutzung<\/h2>\nDie Nutzung der Website verleiht Ihnen den Status eines Benutzers und setzt die vollst\u00e4ndige Annahme aller auf den Seiten enthaltenen Klauseln und Nutzungsbedingungen voraus:\n<ul>\n \t<li>Rechtlicher Hinweis<\/li>\n \t<li>Datenschutzbestimmungen<\/li>\n \t<li>Cookie-Richtlinie<\/li>\n<\/ul>\nWenn Sie nicht mit jeder einzelnen dieser Bedingungen einverstanden sind, benutzen Sie diese Website bitte nicht.\n\nDer Zugriff auf diese Website impliziert in keiner Weise die Aufnahme einer Gesch\u00e4ftsbeziehung mit dem Eigent\u00fcmer.\n\n\u00dcber diese Website erm\u00f6glicht Ihnen der Beherberger den Zugang zu und die Nutzung von verschiedenen Inhalten, die der Beherberger oder seine Mitarbeiter im Internet ver\u00f6ffentlicht haben.\n\nIn diesem Sinne verpflichten Sie sich, die Inhalte der Website NICHT f\u00fcr unerlaubte Zwecke oder Wirkungen zu nutzen, die in den vorliegenden rechtlichen Hinweisen oder durch die geltende Gesetzgebung verboten sind, die die Rechte und Interessen Dritter verletzen oder die in irgendeiner Weise den Inhalt, die Computerausr\u00fcstung oder die Dokumente, Dateien und alle Arten von Inhalten, die auf einer Computerausr\u00fcstung gespeichert sind, die dem Eigent\u00fcmer, anderen Nutzern oder anderen Internetnutzern geh\u00f6rt oder von ihnen in Auftrag gegeben wurde, besch\u00e4digen, deaktivieren, \u00fcberlasten, verschlechtern oder die normale Nutzung verhindern k\u00f6nnen.\n<h2>Kommentare<\/h2>\nDer Eigent\u00fcmer beh\u00e4lt sich das Recht vor, Kommentare zu entfernen, die gegen geltendes Recht versto\u00dfen, die Rechte oder Interessen Dritter verletzen oder die seiner Meinung nach nicht zur Ver\u00f6ffentlichung geeignet sind.\n\nDer Eigent\u00fcmer haftet nicht f\u00fcr die Meinungen, die von den Nutzern \u00fcber das Kommentarsystem, die sozialen Netzwerke oder andere Beteiligungsinstrumente ge\u00e4u\u00dfert werden, in \u00dcbereinstimmung mit den Bestimmungen der geltenden Vorschriften.\n<h2>Erwachsen werden<\/h2>\nSie m\u00fcssen mindestens 18 Jahre alt sein, um die vom Inhaber angebotenen Dienste nutzen zu k\u00f6nnen, oder das in Ihrem Land vorgeschriebene Vollj\u00e4hrigkeitsalter erreicht haben, um sich auf der Website zu registrieren oder diese zu nutzen. Wenn Sie Ihren Wohnsitz in einem Land au\u00dferhalb der Europ\u00e4ischen Region haben, m\u00fcssen Sie mindestens 13 Jahre alt sein, um die Website nutzen zu k\u00f6nnen, oder das in Ihrem Land vorgeschriebene Vollj\u00e4hrigkeitsalter erreicht haben, um sich auf der Website zu registrieren oder die Website zu nutzen.\n\nWenn Sie nicht das nach geltendem Recht erforderliche Mindestalter f\u00fcr die Nutzung der Website erreicht haben, m\u00fcssen Ihre Eltern oder Erziehungsberechtigten unsere Bedingungen in Ihrem Namen akzeptieren, wenn Sie nicht alt genug sind, um unsere Bedingungen in Ihrem Land zu akzeptieren.\n<h2>Sicherheitsma\u00dfnahmen<\/h2>\nDie dem Inhaber zur Verf\u00fcgung gestellten personenbezogenen Daten k\u00f6nnen in automatisierten oder nicht automatisierten Datenbanken gespeichert werden, deren Eigent\u00fcmer ausschlie\u00dflich der Inhaber ist, der alle technischen, organisatorischen und sicherheitstechnischen Ma\u00dfnahmen ergreift, um die Vertraulichkeit, Integrit\u00e4t und Qualit\u00e4t der darin enthaltenen Informationen gem\u00e4\u00df den Bestimmungen der geltenden Datenschutzgesetze zu gew\u00e4hrleisten.\n\nSie sollten sich jedoch dar\u00fcber im Klaren sein, dass die Sicherheitsvorkehrungen der Computersysteme im Internet nicht v\u00f6llig zuverl\u00e4ssig sind und dass der Inhaber daher nicht garantieren kann, dass keine Viren oder andere Elemente vorhanden sind, die Ver\u00e4nderungen in den Computersystemen (Software und Hardware) des Benutzers oder in den darin enthaltenen elektronischen Dokumenten und Dateien verursachen k\u00f6nnen, obwohl der Inhaber alle Anstrengungen unternimmt und die erforderlichen Sicherheitsma\u00dfnahmen ergreift, um das Vorhandensein dieser sch\u00e4dlichen Elemente zu vermeiden.\n<h2>Pers\u00f6nliche Daten<\/h2>\nSie k\u00f6nnen alle Informationen \u00fcber die Verarbeitung der vom f\u00fcr die Verarbeitung Verantwortlichen gesammelten personenbezogenen Daten auf der Seite Datenschutzpolitik einsehen.\n<h2>Inhalt<\/h2>\nDer Eigent\u00fcmer hat die auf der Website enthaltenen Informationen, Multimedia-Inhalte und Materialien aus Quellen bezogen, die er f\u00fcr zuverl\u00e4ssig h\u00e4lt. Obwohl er alle angemessenen Schritte unternommen hat, um sicherzustellen, dass die darin enthaltenen Informationen korrekt sind, garantiert der Eigent\u00fcmer nicht, dass diese korrekt, vollst\u00e4ndig oder aktuell sind. Der Beherberger lehnt ausdr\u00fccklich jede Haftung f\u00fcr Fehler oder Auslassungen in den Informationen auf den Seiten dieser Website ab.\n\nEs ist verboten, \u00fcber die Website illegale oder unzul\u00e4ssige Inhalte, Computerviren oder Nachrichten zu \u00fcbermitteln oder zu versenden, die im Allgemeinen die Rechte des Inhabers oder Dritter beeintr\u00e4chtigen oder verletzen.\n\nDer Inhalt der Website dient ausschlie\u00dflich Informationszwecken und darf unter keinen Umst\u00e4nden als Verkaufsangebot, als Aufforderung zum Kauf oder als Empfehlung zum Abschluss einer anderen Transaktion verwendet oder betrachtet werden, es sei denn, dies ist ausdr\u00fccklich angegeben.\n\nDer Eigent\u00fcmer beh\u00e4lt sich das Recht vor, den Inhalt der Website, die Links oder die \u00fcber die Website erhaltenen Informationen ohne vorherige Ank\u00fcndigung zu \u00e4ndern, auszusetzen, zu l\u00f6schen oder einzuschr\u00e4nken.\n\nDer Beherberger haftet nicht f\u00fcr Sch\u00e4den, die aus der Nutzung der Informationen auf der Website oder der in den sozialen Netzwerken des Beherbergers enthaltenen Informationen entstehen k\u00f6nnen.\n<h2>Cookies-Politik<\/h2>\nAuf der Seite Cookies-Politik k\u00f6nnen Sie alle Informationen \u00fcber die Politik zur Sammlung und Verarbeitung von Cookies einsehen.\n\nDer Eigent\u00fcmer sammelt und speichert nur die folgenden Informationen \u00fcber die Besucher der Website:\n<ul>\n \t<li>Der Dom\u00e4nenname des Anbieters (ISP) und\/oder die IP-Adresse, die ihm den Zugang zum Netz erm\u00f6glicht.<\/li>\n \t<li>Das Datum und die Uhrzeit des Zugriffs auf die Website.<\/li>\n \t<li>Die Quell-Internetadresse des Links zur Website.<\/li>\n \t<li>Die Anzahl der t\u00e4glichen Besucher in jeder Rubrik.<\/li>\n \t<li>Die erhaltenen Informationen sind v\u00f6llig anonym und k\u00f6nnen in keinem Fall mit einem bestimmten und identifizierten Benutzer in Verbindung gebracht werden.<\/li>\n<\/ul>\n<h2>N\u00fctzliche Links zu anderen Websites<\/h2>\nDer Beherberger kann Ihnen \u00fcber Links den Zugang zu Websites Dritter erm\u00f6glichen, um Sie auf andere Informationsquellen im Internet hinzuweisen, wo Sie weitere Informationen \u00fcber die Website finden k\u00f6nnen.\n\nDiese Links zu anderen Websites sind in keiner Weise ein Vorschlag oder eine Empfehlung f\u00fcr Sie, die Ziel-Websites zu besuchen, die au\u00dferhalb der Kontrolle des Inhabers liegen, und der Inhaber ist nicht verantwortlich f\u00fcr den Inhalt der verlinkten Websites oder das Ergebnis, das Sie erhalten, wenn Sie den Links folgen.\n\nDer Beherberger ist auch nicht verantwortlich f\u00fcr die Links oder Verkn\u00fcpfungen auf den verlinkten Websites, zu denen er Zugang gew\u00e4hrt.\n\nDie Einrichtung des Links impliziert in keinem Fall das Bestehen einer Beziehung zwischen dem Inhaber und dem Eigent\u00fcmer der Website, auf der der Link eingerichtet ist, noch die Annahme oder Billigung von deren Inhalten oder Dienstleistungen durch den Inhaber.\n\nWenn Sie \u00fcber einen Link, den Sie auf der Website finden, auf eine externe Website zugreifen, sollten Sie die Datenschutzrichtlinien der anderen Website lesen, die sich von denen dieser Website unterscheiden k\u00f6nnen.\n<h2>Geistiges und gewerbliches Eigentum<\/h2>\nAlle Rechte vorbehalten.\n\nDer Zugang zu dieser Website unterliegt folgenden Bedingungen: Die Vervielf\u00e4ltigung, dauerhafte Speicherung und Verbreitung der Inhalte oder jede andere Verwendung f\u00fcr \u00f6ffentliche oder kommerzielle Zwecke ist ohne vorherige ausdr\u00fcckliche schriftliche Zustimmung des Inhabers ausdr\u00fccklich untersagt.\n<h2>Begrenzung der Haftung<\/h2>\nDie Informationen und Dienstleistungen, die in dieser Website enthalten oder \u00fcber sie verf\u00fcgbar sind, k\u00f6nnen Ungenauigkeiten oder typografische Fehler enthalten. Der Beherberger nimmt in regelm\u00e4\u00dfigen Abst\u00e4nden Verbesserungen und\/oder \u00c4nderungen an den enthaltenen Informationen und\/oder an den Dienstleistungen vor, die jederzeit eingef\u00fchrt werden k\u00f6nnen.\n\nDer Beherberger garantiert nicht, dass die Dienste oder Inhalte ununterbrochen oder fehlerfrei sind, dass M\u00e4ngel behoben werden oder dass der Dienst oder der Server, der ihn zur Verf\u00fcgung stellt, frei von Viren oder anderen sch\u00e4dlichen Komponenten sind, ungeachtet der Tatsache, dass der Beherberger alle Anstrengungen unternimmt, um solche Vorf\u00e4lle zu vermeiden.\n\nDer Beherberger lehnt jede Haftung im Falle von Unterbrechungen oder Funktionsst\u00f6rungen der im Internet angebotenen Dienste oder Inhalte ab, unabh\u00e4ngig von deren Ursache. Ebenso haftet der Inhaber nicht f\u00fcr Netzausf\u00e4lle, Gesch\u00e4ftsausf\u00e4lle infolge solcher Ausf\u00e4lle, vor\u00fcbergehende Stromausf\u00e4lle oder jede andere Art von indirekten Sch\u00e4den, die durch Ursachen au\u00dferhalb des Einflussbereichs des Inhabers verursacht werden k\u00f6nnen.\n\nBevor Sie Entscheidungen und\/oder Handlungen auf der Grundlage der auf der Website enthaltenen Informationen treffen, empfiehlt Ihnen der Inhaber, die erhaltenen Informationen mit anderen Quellen zu vergleichen.\n<h2>Recht auf Ausschluss<\/h2>\nTitular beh\u00e4lt sich das Recht vor, Nutzern, die gegen eine der Bedingungen dieses rechtlichen Hinweises versto\u00dfen, den Zugang zur Website und zu den angebotenen Diensten ohne vorherige Ank\u00fcndigung zu verweigern oder zu entziehen, sei es auf eigenen Wunsch oder auf Wunsch Dritter.\n<h2>Zust\u00e4ndigkeitsbereich<\/h2>\nDieser rechtliche Hinweis unterliegt ausschlie\u00dflich dem spanischen Recht.\n\nSoweit gesetzlich nicht anders vorgeschrieben, unterwerfen sich die Parteien bei allen Fragen, die sich in Bezug auf die Auslegung, Anwendung und Einhaltung dieses rechtlichen Hinweises ergeben, sowie bei allen Anspr\u00fcchen, die sich aus seiner Verwendung ergeben k\u00f6nnen, den Gerichten und Gerichtsh\u00f6fen der Provinz  [legalciudad]Die Parteien verzichten ausdr\u00fccklich auf jede andere Zust\u00e4ndigkeit, die ihnen m\u00f6glicherweise zusteht.\n<h2>Kontakt<\/h2>\nWenn Sie Fragen zu diesen Allgemeinen Gesch\u00e4ftsbedingungen haben oder Anmerkungen zu dieser Website machen m\u00f6chten, k\u00f6nnen Sie eine E-Mail an [legalemail] senden.\t\t\t\t\t\t\t\t<\/div>\n\t\t\t\t<\/div>\n\t\t\t\t\t<\/div>\n\t\t\t\t<\/div>\n\t\t\t\t<\/div>\n\t\t","protected":false},"excerpt":{"rendered":"<p>Identifizierung und Eigentum In \u00dcbereinstimmung mit Artikel 10 des Gesetzes 34 \/ 2002 vom 11. Juli 2002 \u00fcber die Dienste der Informationsgesellschaft und den elektronischen Handel gibt der Inhaber seine Identifikationsdaten an. \u00dcberschrift: [legaltitular] ICTS: [legalcif] E-Mail: [legalemail] Website: [legalweb] Zweck Der Zweck der Website [legalweb] ist es, dem Nutzer Informationen \u00fcber die von uns [&hellip;]<\/p>\n","protected":false},"author":1,"featured_media":0,"parent":0,"menu_order":0,"comment_status":"closed","ping_status":"closed","template":"","meta":{"footnotes":""},"class_list":["post-3860","page","type-page","status-publish","hentry"],"_links":{"self":[{"href":"https:\/\/thenomadtax.com\/de\/wp-json\/wp\/v2\/pages\/3860","targetHints":{"allow":["GET"]}}],"collection":[{"href":"https:\/\/thenomadtax.com\/de\/wp-json\/wp\/v2\/pages"}],"about":[{"href":"https:\/\/thenomadtax.com\/de\/wp-json\/wp\/v2\/types\/page"}],"author":[{"embeddable":true,"href":"https:\/\/thenomadtax.com\/de\/wp-json\/wp\/v2\/users\/1"}],"replies":[{"embeddable":true,"href":"https:\/\/thenomadtax.com\/de\/wp-json\/wp\/v2\/comments?post=3860"}],"version-history":[{"count":3,"href":"https:\/\/thenomadtax.com\/de\/wp-json\/wp\/v2\/pages\/3860\/revisions"}],"predecessor-version":[{"id":3863,"href":"https:\/\/thenomadtax.com\/de\/wp-json\/wp\/v2\/pages\/3860\/revisions\/3863"}],"wp:attachment":[{"href":"https:\/\/thenomadtax.com\/de\/wp-json\/wp\/v2\/media?parent=3860"}],"curies":[{"name":"wp","href":"https:\/\/api.w.org\/{rel}","templated":true}]}}